{"id":657,"date":"2025-03-22T18:14:26","date_gmt":"2025-03-22T23:14:26","guid":{"rendered":"https:\/\/2hn.b17.mytemp.website\/contact\/"},"modified":"2025-08-26T15:32:10","modified_gmt":"2025-08-26T20:32:10","slug":"contacto","status":"publish","type":"page","link":"https:\/\/jalaramfruit.com\/es\/contacto\/","title":{"rendered":"Contacto"},"content":{"rendered":"<p>[et_pb_section fb_built=\u00bb1&#8243; _builder_version=\u00bb4.27.4&#8243; _module_preset=\u00bbdefault\u00bb background_color=\u00bbgcid-secondary-color\u00bb background_image=\u00bbhttps:\/\/jalaramfruit.com\/wp-content\/uploads\/2025\/03\/banner-contacto.jpg\u00bb background_size=\u00bbcontain\u00bb background_position=\u00bbcenter_left\u00bb custom_padding=\u00bb7vw||8vw||false|false\u00bb background_last_edited=\u00bbon|tablet\u00bb background_enable_image_tablet=\u00bboff\u00bb locked=\u00bboff\u00bb global_colors_info=\u00bb{%22gcid-secondary-color%22:%91%22background_color%22%93}\u00bb][et_pb_row column_structure=\u00bb1_2,1_2&#8243; _builder_version=\u00bb4.27.4&#8243; _module_preset=\u00bbdefault\u00bb global_colors_info=\u00bb{}\u00bb][et_pb_column type=\u00bb1_2&#8243; _builder_version=\u00bb4.27.4&#8243; _module_preset=\u00bbdefault\u00bb global_colors_info=\u00bb{}\u00bb][\/et_pb_column][et_pb_column type=\u00bb1_2&#8243; _builder_version=\u00bb4.27.4&#8243; _module_preset=\u00bbdefault\u00bb global_colors_info=\u00bb{}\u00bb][et_pb_text _builder_version=\u00bb4.27.4&#8243; _module_preset=\u00bbdefault\u00bb text_text_color=\u00bb#FFFFFF\u00bb text_font_size=\u00bb24px\u00bb text_line_height=\u00bb1.2em\u00bb header_2_font=\u00bb&#8211;et_global_heading_font|&#8211;et_global_body_font_weight|||||||\u00bb header_2_text_color=\u00bb#FFFFFF\u00bb header_2_font_size=\u00bb48px\u00bb hover_enabled=\u00bb0&#8243; header_2_text_align_tablet=\u00bbcenter\u00bb header_2_text_align_phone=\u00bbcenter\u00bb header_2_text_align_last_edited=\u00bbon|phone\u00bb text_orientation_tablet=\u00bbcenter\u00bb text_orientation_phone=\u00bbcenter\u00bb text_orientation_last_edited=\u00bbon|phone\u00bb global_colors_info=\u00bb{}\u00bb header_font=\u00bb&#8211;et_global_heading_font|&#8211;et_global_body_font_weight|||||||\u00bb header_text_align_tablet=\u00bbcenter\u00bb header_text_align_phone=\u00bbcenter\u00bb header_text_align_last_edited=\u00bbon|phone\u00bb header_text_color=\u00bb#FFFFFF\u00bb header_font_size=\u00bb48px\u00bb sticky_enabled=\u00bb0&#8243;]<\/p>\n<h1>Cultivamos calidad, <span style=\"color: #fbb03b;\">exportamos confianza.<\/span><\/h1>\n<p><span style=\"color: #fbb03b;\"><\/span><\/p>\n<p>Cumplimos con los m\u00e1s altos est\u00e1ndares para garantizar env\u00edos seguros y puntuales.<\/p>\n<p>[\/et_pb_text][\/et_pb_column][\/et_pb_row][\/et_pb_section][et_pb_section fb_built=\u00bb1&#8243; _builder_version=\u00bb4.27.4&#8243; _module_preset=\u00bbdefault\u00bb background_color=\u00bb#f4f4f6&#8243; global_colors_info=\u00bb{}\u00bb][et_pb_row column_structure=\u00bb2_5,3_5&#8243; use_custom_gutter=\u00bbon\u00bb gutter_width=\u00bb2&#8243; _builder_version=\u00bb4.27.4&#8243; _module_preset=\u00bbdefault\u00bb width=\u00bb87%\u00bb width_tablet=\u00bb87%\u00bb width_phone=\u00bb88%\u00bb width_last_edited=\u00bbon|phone\u00bb max_width=\u00bb87%\u00bb max_width_tablet=\u00bb87%\u00bb max_width_phone=\u00bb88%\u00bb max_width_last_edited=\u00bbon|phone\u00bb custom_css_main_element=\u00bbdisplay: flex;||align-items: center;||justify-content: center;\u00bb global_colors_info=\u00bb{}\u00bb custom_css_main_element_last_edited=\u00bbon|phone\u00bb custom_css_main_element_tablet=\u00bb\/*&#8212;&#8212;*\/\u00bb custom_css_main_element_phone=\u00bb\/*&#8212;&#8212;&#8211;*\/\u00bb][et_pb_column type=\u00bb2_5&#8243; _builder_version=\u00bb4.27.4&#8243; _module_preset=\u00bbdefault\u00bb global_colors_info=\u00bb{}\u00bb][et_pb_text _builder_version=\u00bb4.27.4&#8243; _module_preset=\u00bbdefault\u00bb text_text_color=\u00bbgcid-secondary-color\u00bb text_line_height=\u00bb1.3em\u00bb header_3_font=\u00bb&#8211;et_global_body_font||||||||\u00bb header_3_text_color=\u00bbgcid-secondary-color\u00bb header_3_font_size=\u00bb39px\u00bb header_3_line_height=\u00bb1.2em\u00bb header_3_text_align_tablet=\u00bbcenter\u00bb header_3_text_align_phone=\u00bbcenter\u00bb header_3_text_align_last_edited=\u00bbon|phone\u00bb global_colors_info=\u00bb{%22gcid-secondary-color%22:%91%22header_3_text_color%22,%22text_text_color%22%93}\u00bb]<\/p>\n<h3>Log\u00edstica eficiente y <span style=\"color: #65c12f;\">calidad certificada.<\/span><\/h3>\n<p>[\/et_pb_text][et_pb_text _builder_version=\u00bb4.27.4&#8243; _module_preset=\u00bbdefault\u00bb text_text_color=\u00bbgcid-secondary-color\u00bb text_font_size=\u00bb20px\u00bb background_color=\u00bb#FFFFFF\u00bb custom_margin=\u00bb||10px|||\u00bb custom_padding=\u00bb15px|15px|15px|15px|false|false\u00bb link_option_url=\u00bbtel:+506 24731893&#8243; text_font_size_tablet=\u00bb20px\u00bb text_font_size_phone=\u00bb15px\u00bb text_font_size_last_edited=\u00bbon|phone\u00bb custom_css_free_form=\u00bbselector img{||  vertical-align: middle;||}\u00bb border_radii=\u00bbon|12px|12px|12px|12px\u00bb border_width_all=\u00bb1px\u00bb border_color_all=\u00bb#cbcbd2&#8243; global_colors_info=\u00bb{%22gcid-secondary-color%22:%91%22text_text_color%22%93}\u00bb]<\/p>\n<p><img decoding=\"async\" data-src=\"https:\/\/jalaramfruit.com\/wp-content\/uploads\/2025\/03\/Frame-1121.svg\" width=\"45\" height=\"45\" alt=\"\" class=\"wp-image-276 alignnone size-medium lazyload\" src=\"data:image\/svg+xml;base64,PHN2ZyB3aWR0aD0iMSIgaGVpZ2h0PSIxIiB4bWxucz0iaHR0cDovL3d3dy53My5vcmcvMjAwMC9zdmciPjwvc3ZnPg==\" style=\"--smush-placeholder-width: 45px; --smush-placeholder-aspect-ratio: 45\/45;\" \/> +506 2473 1893<\/p>\n<p>[\/et_pb_text][et_pb_text _builder_version=\u00bb4.27.4&#8243; _module_preset=\u00bbdefault\u00bb text_text_color=\u00bbgcid-secondary-color\u00bb text_font_size=\u00bb20px\u00bb background_color=\u00bb#FFFFFF\u00bb custom_margin=\u00bb||10px|||\u00bb custom_padding=\u00bb15px|15px|15px|15px|false|false\u00bb custom_padding_tablet=\u00bb15px|15px|15px|15px|false|false\u00bb custom_padding_phone=\u00bb15px|10px|15px|15px|false|false\u00bb custom_padding_last_edited=\u00bbon|phone\u00bb link_option_url=\u00bbhttps:\/\/maps.app.goo.gl\/bhh9E7x9t6uXBqwb7&#8243; link_option_url_new_window=\u00bbon\u00bb text_font_size_tablet=\u00bb20px\u00bb text_font_size_phone=\u00bb15px\u00bb text_font_size_last_edited=\u00bbon|phone\u00bb custom_css_free_form=\u00bbselector img{||  vertical-align: middle;||}\u00bb border_radii=\u00bbon|12px|12px|12px|12px\u00bb border_width_all=\u00bb1px\u00bb border_color_all=\u00bb#cbcbd2&#8243; global_colors_info=\u00bb{%22gcid-secondary-color%22:%91%22text_text_color%22%93}\u00bb]<\/p>\n<p><img decoding=\"async\" data-src=\"https:\/\/jalaramfruit.com\/wp-content\/uploads\/2025\/03\/Frame-1121-1.svg\" width=\"45\" height=\"45\" alt=\"\" class=\"wp-image-276 alignnone size-medium lazyload\" src=\"data:image\/svg+xml;base64,PHN2ZyB3aWR0aD0iMSIgaGVpZ2h0PSIxIiB4bWxucz0iaHR0cDovL3d3dy53My5vcmcvMjAwMC9zdmciPjwvc3ZnPg==\" style=\"--smush-placeholder-width: 45px; --smush-placeholder-aspect-ratio: 45\/45;\" \/> San Carlos, Provincia de Alajuela<\/p>\n<p>[\/et_pb_text][et_pb_text _builder_version=\u00bb4.27.4&#8243; _module_preset=\u00bbdefault\u00bb text_text_color=\u00bbgcid-secondary-color\u00bb text_font_size=\u00bb20px\u00bb background_color=\u00bb#FFFFFF\u00bb custom_margin=\u00bb||10px|||\u00bb custom_padding=\u00bb15px|15px|15px|15px|false|false\u00bb link_option_url=\u00bbmailto:info@jalaramfruit.com\u00bb text_font_size_tablet=\u00bb20px\u00bb text_font_size_phone=\u00bb15px\u00bb text_font_size_last_edited=\u00bbon|phone\u00bb custom_css_free_form=\u00bbselector img{||  vertical-align: middle;||}\u00bb border_radii=\u00bbon|12px|12px|12px|12px\u00bb border_width_all=\u00bb1px\u00bb border_color_all=\u00bb#cbcbd2&#8243; global_colors_info=\u00bb{%22gcid-secondary-color%22:%91%22text_text_color%22%93}\u00bb]<\/p>\n<p><img decoding=\"async\" data-src=\"https:\/\/jalaramfruit.com\/wp-content\/uploads\/2025\/03\/Frame-1121-2.svg\" width=\"45\" height=\"45\" alt=\"\" class=\"wp-image-276 alignnone size-medium lazyload\" src=\"data:image\/svg+xml;base64,PHN2ZyB3aWR0aD0iMSIgaGVpZ2h0PSIxIiB4bWxucz0iaHR0cDovL3d3dy53My5vcmcvMjAwMC9zdmciPjwvc3ZnPg==\" style=\"--smush-placeholder-width: 45px; --smush-placeholder-aspect-ratio: 45\/45;\" \/> info@jalaramfruit.com<\/p>\n<p>[\/et_pb_text][\/et_pb_column][et_pb_column type=\u00bb3_5&#8243; _builder_version=\u00bb4.27.4&#8243; _module_preset=\u00bbdefault\u00bb global_colors_info=\u00bb{}\u00bb][et_pb_text _builder_version=\u00bb4.27.4&#8243; _module_preset=\u00bbdefault\u00bb text_font=\u00bb|600|||||||\u00bb text_text_color=\u00bb#26263f\u00bb text_font_size=\u00bb27px\u00bb text_line_height=\u00bb1.2em\u00bb text_orientation=\u00bbcenter\u00bb global_colors_info=\u00bb{}\u00bb]<\/p>\n<p>Cu\u00e9ntenos c\u00f3mo podemos ayudarle<\/p>\n<p>[\/et_pb_text][et_pb_code admin_label=\u00bbCode\u00bb module_class=\u00bbcotizacionform\u00bb _builder_version=\u00bb4.27.4&#8243; _module_preset=\u00bbdefault\u00bb background_color=\u00bb#FFFFFF\u00bb custom_padding=\u00bb20px|20px|20px|20px|false|false\u00bb border_radii=\u00bbon|10px|10px|10px|10px\u00bb border_width_all=\u00bb1px\u00bb border_color_all=\u00bb#cbcbd2&#8243; locked=\u00bboff\u00bb global_colors_info=\u00bb{}\u00bb]<\/p>\n<div class=\"cotizacionform\"><\/div>\n<p><!-- [et_pb_line_break_holder] --><!-- [et_pb_line_break_holder] -->   <!-- [et_pb_line_break_holder] --><\/pee><!-- [et_pb_line_break_holder] --><script charset=\"utf-8\" type=\"text\/javascript\" src=\"\/\/js.hsforms.net\/forms\/embed\/v2.js\"><\/script><!-- [et_pb_line_break_holder] --><script><!-- [et_pb_line_break_holder] -->  hbspt.forms.create({<!-- [et_pb_line_break_holder] -->    region: \"na1\",<!-- [et_pb_line_break_holder] -->    portalId: \"9242535\",<!-- [et_pb_line_break_holder] -->    formId: \"2b65aa1c-fe40-4be7-9c9f-75e7808ac057\",<!-- [et_pb_line_break_holder] -->    target: \".cotizacionform\",<!-- [et_pb_line_break_holder] -->    onFormReady: function($form) {<!-- [et_pb_line_break_holder] -->      \/\/ Ocultar branding de HubSpot<!-- [et_pb_line_break_holder] -->      $form.find('.hs-form__virality-link').hide();<!-- [et_pb_line_break_holder] --><!-- [et_pb_line_break_holder] -->      \/\/ Inyectar estilos dentro del iframe<!-- [et_pb_line_break_holder] -->      const iframe = jQuery('.cotizacionform iframe')[0];<!-- [et_pb_line_break_holder] -->      if (!iframe) return;<!-- [et_pb_line_break_holder] --><!-- [et_pb_line_break_holder] -->      const iframeHead = iframe.contentDocument.head;<!-- [et_pb_line_break_holder] -->      const customStyles = `<!-- [et_pb_line_break_holder] --><\/p>\n<style><!-- [et_pb_line_break_holder] -->\/* BOT\u00d3N PRINCIPAL *\/<!-- [et_pb_line_break_holder] -->.hs-button.primary {<!-- [et_pb_line_break_holder] -->  background-color: #26263F !important;<!-- [et_pb_line_break_holder] -->  color: #FFFFFF !important;<!-- [et_pb_line_break_holder] -->  font-weight: bold !important;<!-- [et_pb_line_break_holder] -->  font-size: 16px !important;<!-- [et_pb_line_break_holder] -->  padding: 14px 24px !important;<!-- [et_pb_line_break_holder] -->  width: auto !important;<!-- [et_pb_line_break_holder] -->  border: none !important;<!-- [et_pb_line_break_holder] -->  border-radius: 16px 4px 16px 4px !important;<!-- [et_pb_line_break_holder] -->  box-shadow: 6px 8px 0px 0px #65C12F !important;<!-- [et_pb_line_break_holder] -->  cursor: pointer !important;<!-- [et_pb_line_break_holder] -->  transition: all 0.3s ease-in-out !important;<!-- [et_pb_line_break_holder] -->}<!-- [et_pb_line_break_holder] -->.hs-button.primary:hover {<!-- [et_pb_line_break_holder] -->  opacity: 0.9 !important;<!-- [et_pb_line_break_holder] -->}<!-- [et_pb_line_break_holder] --><!-- [et_pb_line_break_holder] -->\/* CONTENEDOR DEL BOT\u00d3N *\/<!-- [et_pb_line_break_holder] -->.hs_submit,<!-- [et_pb_line_break_holder] -->.hs_submit .actions {<!-- [et_pb_line_break_holder] -->  overflow: visible !important;<!-- [et_pb_line_break_holder] -->}<!-- [et_pb_line_break_holder] -->.hs_submit .actions {<!-- [et_pb_line_break_holder] -->  padding-bottom: 20px !important;<!-- [et_pb_line_break_holder] -->  display: flex !important;<!-- [et_pb_line_break_holder] -->  justify-content: flex-start !important; \/* o flex-end si lo quieres alineado a la derecha *\/<!-- [et_pb_line_break_holder] -->}<!-- [et_pb_line_break_holder] --><!-- [et_pb_line_break_holder] -->\/* OCULTAR BRANDING HUBSPOT *\/<!-- [et_pb_line_break_holder] -->.hs-form__virality-link {<!-- [et_pb_line_break_holder] -->  display: none !important;<!-- [et_pb_line_break_holder] -->}<!-- [et_pb_line_break_holder] --><\/style>\n<p><!-- [et_pb_line_break_holder] -->      `;<!-- [et_pb_line_break_holder] -->      iframeHead.insertAdjacentHTML(\"beforeend\", customStyles);<!-- [et_pb_line_break_holder] -->    }<!-- [et_pb_line_break_holder] -->  });<!-- [et_pb_line_break_holder] --><\/script><!-- [et_pb_line_break_holder] --><!-- [et_pb_line_break_holder] -->[\/et_pb_code][\/et_pb_column][\/et_pb_row][\/et_pb_section][et_pb_section fb_built=\u00bb1&#8243; _builder_version=\u00bb4.27.4&#8243; _module_preset=\u00bbdefault\u00bb custom_margin=\u00bb||0px||false|false\u00bb custom_padding=\u00bb0px||0px||false|false\u00bb global_colors_info=\u00bb{}\u00bb][et_pb_row _builder_version=\u00bb4.27.2&#8243; _module_preset=\u00bbdefault\u00bb background_color=\u00bb#FFFFFF\u00bb positioning=\u00bbabsolute\u00bb position_origin_a=\u00bbcenter_left\u00bb horizontal_offset=\u00bb10px\u00bb z_index=\u00bb99&#8243; vertical_offset_tablet=\u00bb\u00bb vertical_offset_phone=\u00bb20px\u00bb vertical_offset_last_edited=\u00bbon|phone\u00bb position_origin_a_tablet=\u00bbcenter_left\u00bb position_origin_a_phone=\u00bbtop_right\u00bb position_origin_a_last_edited=\u00bbon|phone\u00bb position_origin_f_tablet=\u00bb\u00bb position_origin_f_phone=\u00bb\u00bb position_origin_f_last_edited=\u00bbon|phone\u00bb position_origin_r_tablet=\u00bb\u00bb position_origin_r_phone=\u00bb\u00bb position_origin_r_last_edited=\u00bbon|phone\u00bb width=\u00bb4%\u00bb width_tablet=\u00bb7%\u00bb width_phone=\u00bb13%\u00bb width_last_edited=\u00bbon|phone\u00bb max_width=\u00bb95%\u00bb custom_margin=\u00bb|||10px|false|false\u00bb custom_padding=\u00bb15px||15px|0.7vw|true|false\u00bb positioning_tablet=\u00bbabsolute\u00bb positioning_phone=\u00bbabsolute\u00bb positioning_last_edited=\u00bbon|phone\u00bb border_radii=\u00bbon|10px|10px|10px|10px\u00bb global_colors_info=\u00bb{}\u00bb][et_pb_column type=\u00bb4_4&#8243; _builder_version=\u00bb4.27.2&#8243; _module_preset=\u00bbdefault\u00bb global_colors_info=\u00bb{}\u00bb][et_pb_image src=\u00bbhttps:\/\/jalaramfruit.com\/wp-content\/uploads\/2025\/07\/waze-1.svg\u00bb title_text=\u00bbwaze 1&#8243; url=\u00bbhttps:\/\/ul.waze.com\/ul?place=ChIJLbvaSvh9oI8Rykg5BBgcLCA&#038;ll=10.45279650%2C-84.27411570&#038;navigate=yes&#038;utm_campaign=default&#038;utm_source=waze_website&#038;utm_medium=lm_share_location\u00bb url_new_window=\u00bbon\u00bb _builder_version=\u00bb4.27.4&#8243; _module_preset=\u00bbdefault\u00bb custom_margin=\u00bb||19px|||\u00bb global_colors_info=\u00bb{}\u00bb width__hover_enabled=\u00bboff|desktop\u00bb width__hover=\u00bb100%\u00bb transform_styles__hover_enabled=\u00bboff|hover\u00bb transform_scale__hover_enabled=\u00bboff|hover\u00bb transform_translate__hover_enabled=\u00bboff|hover\u00bb transform_rotate__hover_enabled=\u00bboff|hover\u00bb transform_skew__hover_enabled=\u00bboff|hover\u00bb transform_origin__hover_enabled=\u00bboff|hover\u00bb transform_scale__hover=\u00bb104%|104%\u00bb][\/et_pb_image][et_pb_divider color=\u00bb#f2f2f2&#8243; _builder_version=\u00bb4.27.4&#8243; _module_preset=\u00bbdefault\u00bb width=\u00bb91%\u00bb module_alignment=\u00bbcenter\u00bb link_option_url=\u00bbhttps:\/\/maps.app.goo.gl\/bhh9E7x9t6uXBqwb7&#8243; global_colors_info=\u00bb{}\u00bb][\/et_pb_divider][et_pb_image src=\u00bbhttps:\/\/jalaramfruit.com\/wp-content\/uploads\/2025\/07\/mapas-de-google-1.svg\u00bb title_text=\u00bbmapas-de-google 1&#8243; url=\u00bbhttps:\/\/maps.app.goo.gl\/guBJPcLac5TLFwnV8&#8243; url_new_window=\u00bbon\u00bb _builder_version=\u00bb4.27.4&#8243; _module_preset=\u00bbdefault\u00bb custom_margin=\u00bb||-4px|||\u00bb global_colors_info=\u00bb{}\u00bb][\/et_pb_image][\/et_pb_column][\/et_pb_row][et_pb_row _builder_version=\u00bb4.27.2&#8243; _module_preset=\u00bbdefault\u00bb z_index=\u00bb10&#8243; width=\u00bb100%\u00bb max_width=\u00bb100%\u00bb custom_padding=\u00bb0px||0px||true|\u00bb global_colors_info=\u00bb{}\u00bb][et_pb_column type=\u00bb4_4&#8243; _builder_version=\u00bb4.27.2&#8243; _module_preset=\u00bbdefault\u00bb custom_padding=\u00bb||||true|false\u00bb global_colors_info=\u00bb{}\u00bb][et_pb_code _builder_version=\u00bb4.27.4&#8243; _module_preset=\u00bbdefault\u00bb custom_margin=\u00bb||-10px||false|false\u00bb custom_padding=\u00bb0px||0px||true|false\u00bb global_colors_info=\u00bb{}\u00bb]<iframe data-src=\"https:\/\/www.google.com\/maps\/embed?pb=!1m18!1m12!1m3!1d15694.373261625515!2d-84.28008064898584!3d10.45381056820257!2m3!1f0!2f0!3f0!3m2!1i1024!2i768!4f13.1!3m3!1m2!1s0x8fa07df84adabb2d%3A0x202c1c18043948ca!2sJalaram%20Fruit%20S.A!5e0!3m2!1ses-419!2sni!4v1753136976348!5m2!1ses-419!2sni\" width=\"100%\" height=\"600\" style=\"border:0;\" allowfullscreen=\"\" referrerpolicy=\"no-referrer-when-downgrade\" src=\"data:image\/svg+xml;base64,PHN2ZyB3aWR0aD0iMSIgaGVpZ2h0PSIxIiB4bWxucz0iaHR0cDovL3d3dy53My5vcmcvMjAwMC9zdmciPjwvc3ZnPg==\" class=\"lazyload\" data-load-mode=\"1\"><\/iframe>[\/et_pb_code][\/et_pb_column][\/et_pb_row][\/et_pb_section]<\/p>\n","protected":false},"excerpt":{"rendered":"<p>Cultivamos calidad, exportamos confianza. Cumplimos con los m\u00e1s altos est\u00e1ndares para garantizar env\u00edos seguros y puntuales.Log\u00edstica eficiente y calidad certificada. +506 2473 1893 San Carlos, Provincia de Alajuela info@jalaramfruit.comCu\u00e9ntenos c\u00f3mo podemos ayudarle<\/p>\n","protected":false},"author":1,"featured_media":0,"parent":0,"menu_order":0,"comment_status":"closed","ping_status":"closed","template":"","meta":{"_et_pb_use_builder":"on","_et_pb_old_content":"","_et_gb_content_width":"","inline_featured_image":false,"footnotes":""},"dipi_cpt_category":[],"class_list":["post-657","page","type-page","status-publish","hentry"],"yoast_head":"<!-- This site is optimized with the Yoast SEO plugin v25.7 - https:\/\/yoast.com\/wordpress\/plugins\/seo\/ -->\n<title>Contacto - Jalaram<\/title>\n<meta name=\"description\" content=\"Cultivamos calidad y exportamos confianza con procesos certificados y log\u00edstica eficiente. Conozca m\u00e1s sobre nosotros y c\u00f3mo garantizamos entregas seguras y puntuales.\" \/>\n<meta name=\"robots\" content=\"index, follow, max-snippet:-1, max-image-preview:large, max-video-preview:-1\" \/>\n<link rel=\"canonical\" href=\"https:\/\/jalaramfruit.com\/contact\/\" \/>\n<meta property=\"og:locale\" content=\"es_ES\" \/>\n<meta property=\"og:type\" content=\"article\" \/>\n<meta property=\"og:title\" content=\"Contacto - Jalaram\" \/>\n<meta property=\"og:description\" content=\"Cultivamos calidad y exportamos confianza con procesos certificados y log\u00edstica eficiente. Conozca m\u00e1s sobre nosotros y c\u00f3mo garantizamos entregas seguras y puntuales.\" \/>\n<meta property=\"og:url\" content=\"https:\/\/jalaramfruit.com\/contact\/\" \/>\n<meta property=\"og:site_name\" content=\"Jalaram\" \/>\n<meta property=\"article:modified_time\" content=\"2025-08-26T20:32:10+00:00\" \/>\n<meta name=\"twitter:card\" content=\"summary_large_image\" \/>\n<meta name=\"twitter:label1\" content=\"Tiempo de lectura\" \/>\n\t<meta name=\"twitter:data1\" content=\"2 minutos\" \/>\n<script type=\"application\/ld+json\" class=\"yoast-schema-graph\">{\"@context\":\"https:\/\/schema.org\",\"@graph\":[{\"@type\":\"WebPage\",\"@id\":\"https:\/\/jalaramfruit.com\/contact\/\",\"url\":\"https:\/\/jalaramfruit.com\/contact\/\",\"name\":\"Contacto - Jalaram\",\"isPartOf\":{\"@id\":\"https:\/\/jalaramfruit.com\/#website\"},\"primaryImageOfPage\":{\"@id\":\"https:\/\/jalaramfruit.com\/contact\/#primaryimage\"},\"image\":{\"@id\":\"https:\/\/jalaramfruit.com\/contact\/#primaryimage\"},\"thumbnailUrl\":\"https:\/\/jalaramfruit.com\/wp-content\/uploads\/2025\/03\/Frame-1121.svg\",\"datePublished\":\"2025-03-22T23:14:26+00:00\",\"dateModified\":\"2025-08-26T20:32:10+00:00\",\"description\":\"Cultivamos calidad y exportamos confianza con procesos certificados y log\u00edstica eficiente. Conozca m\u00e1s sobre nosotros y c\u00f3mo garantizamos entregas seguras y puntuales.\",\"breadcrumb\":{\"@id\":\"https:\/\/jalaramfruit.com\/contact\/#breadcrumb\"},\"inLanguage\":\"es\",\"potentialAction\":[{\"@type\":\"ReadAction\",\"target\":[\"https:\/\/jalaramfruit.com\/contact\/\"]}]},{\"@type\":\"ImageObject\",\"inLanguage\":\"es\",\"@id\":\"https:\/\/jalaramfruit.com\/contact\/#primaryimage\",\"url\":\"https:\/\/jalaramfruit.com\/wp-content\/uploads\/2025\/03\/Frame-1121.svg\",\"contentUrl\":\"https:\/\/jalaramfruit.com\/wp-content\/uploads\/2025\/03\/Frame-1121.svg\"},{\"@type\":\"BreadcrumbList\",\"@id\":\"https:\/\/jalaramfruit.com\/contact\/#breadcrumb\",\"itemListElement\":[{\"@type\":\"ListItem\",\"position\":1,\"name\":\"Home\",\"item\":\"https:\/\/jalaramfruit.com\/\"},{\"@type\":\"ListItem\",\"position\":2,\"name\":\"Contacto\"}]},{\"@type\":\"WebSite\",\"@id\":\"https:\/\/jalaramfruit.com\/#website\",\"url\":\"https:\/\/jalaramfruit.com\/\",\"name\":\"Jalaram\",\"description\":\"\",\"potentialAction\":[{\"@type\":\"SearchAction\",\"target\":{\"@type\":\"EntryPoint\",\"urlTemplate\":\"https:\/\/jalaramfruit.com\/?s={search_term_string}\"},\"query-input\":{\"@type\":\"PropertyValueSpecification\",\"valueRequired\":true,\"valueName\":\"search_term_string\"}}],\"inLanguage\":\"es\"}]}<\/script>\n<!-- \/ Yoast SEO plugin. -->","yoast_head_json":{"title":"Contacto - Jalaram","description":"Cultivamos calidad y exportamos confianza con procesos certificados y log\u00edstica eficiente. Conozca m\u00e1s sobre nosotros y c\u00f3mo garantizamos entregas seguras y puntuales.","robots":{"index":"index","follow":"follow","max-snippet":"max-snippet:-1","max-image-preview":"max-image-preview:large","max-video-preview":"max-video-preview:-1"},"canonical":"https:\/\/jalaramfruit.com\/contact\/","og_locale":"es_ES","og_type":"article","og_title":"Contacto - Jalaram","og_description":"Cultivamos calidad y exportamos confianza con procesos certificados y log\u00edstica eficiente. Conozca m\u00e1s sobre nosotros y c\u00f3mo garantizamos entregas seguras y puntuales.","og_url":"https:\/\/jalaramfruit.com\/contact\/","og_site_name":"Jalaram","article_modified_time":"2025-08-26T20:32:10+00:00","twitter_card":"summary_large_image","twitter_misc":{"Tiempo de lectura":"2 minutos"},"schema":{"@context":"https:\/\/schema.org","@graph":[{"@type":"WebPage","@id":"https:\/\/jalaramfruit.com\/contact\/","url":"https:\/\/jalaramfruit.com\/contact\/","name":"Contacto - Jalaram","isPartOf":{"@id":"https:\/\/jalaramfruit.com\/#website"},"primaryImageOfPage":{"@id":"https:\/\/jalaramfruit.com\/contact\/#primaryimage"},"image":{"@id":"https:\/\/jalaramfruit.com\/contact\/#primaryimage"},"thumbnailUrl":"https:\/\/jalaramfruit.com\/wp-content\/uploads\/2025\/03\/Frame-1121.svg","datePublished":"2025-03-22T23:14:26+00:00","dateModified":"2025-08-26T20:32:10+00:00","description":"Cultivamos calidad y exportamos confianza con procesos certificados y log\u00edstica eficiente. Conozca m\u00e1s sobre nosotros y c\u00f3mo garantizamos entregas seguras y puntuales.","breadcrumb":{"@id":"https:\/\/jalaramfruit.com\/contact\/#breadcrumb"},"inLanguage":"es","potentialAction":[{"@type":"ReadAction","target":["https:\/\/jalaramfruit.com\/contact\/"]}]},{"@type":"ImageObject","inLanguage":"es","@id":"https:\/\/jalaramfruit.com\/contact\/#primaryimage","url":"https:\/\/jalaramfruit.com\/wp-content\/uploads\/2025\/03\/Frame-1121.svg","contentUrl":"https:\/\/jalaramfruit.com\/wp-content\/uploads\/2025\/03\/Frame-1121.svg"},{"@type":"BreadcrumbList","@id":"https:\/\/jalaramfruit.com\/contact\/#breadcrumb","itemListElement":[{"@type":"ListItem","position":1,"name":"Home","item":"https:\/\/jalaramfruit.com\/"},{"@type":"ListItem","position":2,"name":"Contacto"}]},{"@type":"WebSite","@id":"https:\/\/jalaramfruit.com\/#website","url":"https:\/\/jalaramfruit.com\/","name":"Jalaram","description":"","potentialAction":[{"@type":"SearchAction","target":{"@type":"EntryPoint","urlTemplate":"https:\/\/jalaramfruit.com\/?s={search_term_string}"},"query-input":{"@type":"PropertyValueSpecification","valueRequired":true,"valueName":"search_term_string"}}],"inLanguage":"es"}]}},"_links":{"self":[{"href":"https:\/\/jalaramfruit.com\/es\/wp-json\/wp\/v2\/pages\/657","targetHints":{"allow":["GET"]}}],"collection":[{"href":"https:\/\/jalaramfruit.com\/es\/wp-json\/wp\/v2\/pages"}],"about":[{"href":"https:\/\/jalaramfruit.com\/es\/wp-json\/wp\/v2\/types\/page"}],"author":[{"embeddable":true,"href":"https:\/\/jalaramfruit.com\/es\/wp-json\/wp\/v2\/users\/1"}],"replies":[{"embeddable":true,"href":"https:\/\/jalaramfruit.com\/es\/wp-json\/wp\/v2\/comments?post=657"}],"version-history":[{"count":60,"href":"https:\/\/jalaramfruit.com\/es\/wp-json\/wp\/v2\/pages\/657\/revisions"}],"predecessor-version":[{"id":7006,"href":"https:\/\/jalaramfruit.com\/es\/wp-json\/wp\/v2\/pages\/657\/revisions\/7006"}],"wp:attachment":[{"href":"https:\/\/jalaramfruit.com\/es\/wp-json\/wp\/v2\/media?parent=657"}],"wp:term":[{"taxonomy":"dipi_cpt_category","embeddable":true,"href":"https:\/\/jalaramfruit.com\/es\/wp-json\/wp\/v2\/dipi_cpt_category?post=657"}],"curies":[{"name":"wp","href":"https:\/\/api.w.org\/{rel}","templated":true}]}}